{"id":8390,"date":"2024-03-11T16:09:00","date_gmt":"2024-03-11T16:09:00","guid":{"rendered":"https:\/\/indeedflex.com\/como-funciona-la-aplicacion\/learn-how-to-use-the-app-with-our-video-tutorials\/"},"modified":"2026-03-23T16:30:03","modified_gmt":"2026-03-23T16:30:03","slug":"tutoriales","status":"publish","type":"page","link":"https:\/\/indeedflex.com\/es\/como-funciona-la-aplicacion\/tutoriales\/","title":{"rendered":"Aprende a utilizar la aplicaci\u00f3n con nuestros v\u00eddeos tutoriales"},"content":{"rendered":"","protected":false},"excerpt":{"rendered":"","protected":false},"author":10,"featured_media":0,"parent":8366,"menu_order":0,"comment_status":"closed","ping_status":"closed","template":"","meta":{"_acf_changed":false,"content-type":"","footnotes":""},"class_list":["post-8390","page","type-page","status-publish","hentry"],"acf":{"blocks":{"2":{"acf_fc_layout":"video_grid","title":"En espa\u00f1ol","videos":[{"video_title":"Reservar un turno","video_poster":7477,"video_link":"https:\/\/vimeo.com\/793139510"},{"video_title":"Confirmado tu turno","video_poster":7938,"video_link":"https:\/\/vimeo.com\/789070760"},{"video_title":"Como cancelar un turno","video_poster":7945,"video_link":"https:\/\/vimeo.com\/798541913"},{"video_title":"\u00danase a Indeed Flex","video_poster":7678,"video_link":"https:\/\/vimeo.com\/798812933"},{"video_title":"Obtener ayuda","video_poster":7706,"video_link":"https:\/\/vimeo.com\/798813908"},{"video_title":"Reciba su pago a tiempo (geolocalizaci\u00f3n\/marcado de entrada y salida)","video_poster":7998,"video_link":"https:\/\/vimeo.com\/793140177"},{"video_title":"Perfiles y calificaciones","video_poster":15022,"video_link":"https:\/\/vimeo.com\/798812630"}]}}},"yoast_head":"<!-- This site is optimized with the Yoast SEO plugin v27.3 - https:\/\/yoast.com\/product\/yoast-seo-wordpress\/ -->\n<title>Aprende a utilizar la aplicaci\u00f3n con nuestros v\u00eddeos tutoriales | Indeed Flex US<\/title>\n<meta name=\"description\" content=\"Vea tutoriales en v\u00eddeo sobre aplicaciones en Indeed Flex para disfrutar de una experiencia de usuario perfecta. Aprende a navegar por la plataforma y aprovecha al m\u00e1ximo tu b\u00fasqueda de empleo.\" \/>\n<meta name=\"robots\" content=\"index, follow, max-snippet:-1, max-image-preview:large, max-video-preview:-1\" \/>\n<link rel=\"canonical\" href=\"https:\/\/indeedflex.com\/es\/como-funciona-la-aplicacion\/tutoriales\/\" \/>\n<meta property=\"og:locale\" content=\"es_ES\" \/>\n<meta property=\"og:type\" content=\"article\" \/>\n<meta property=\"og:title\" content=\"Aprende a utilizar la aplicaci\u00f3n con nuestros v\u00eddeos tutoriales | Indeed Flex US\" \/>\n<meta property=\"og:description\" content=\"Vea tutoriales en v\u00eddeo sobre aplicaciones en Indeed Flex para disfrutar de una experiencia de usuario perfecta. Aprende a navegar por la plataforma y aprovecha al m\u00e1ximo tu b\u00fasqueda de empleo.\" \/>\n<meta property=\"og:url\" content=\"https:\/\/indeedflex.com\/es\/como-funciona-la-aplicacion\/tutoriales\/\" \/>\n<meta property=\"og:site_name\" content=\"Indeed Flex US\" \/>\n<meta property=\"article:modified_time\" content=\"2026-03-23T16:30:03+00:00\" \/>\n<meta property=\"og:image\" content=\"https:\/\/indeedflex.com\/wp-content\/uploads\/sites\/5\/2024\/03\/Control-who-you-hire-US.png\" \/>\n\t<meta property=\"og:image:width\" content=\"2560\" \/>\n\t<meta property=\"og:image:height\" content=\"2630\" \/>\n\t<meta property=\"og:image:type\" content=\"image\/png\" \/>\n<meta name=\"twitter:card\" content=\"summary_large_image\" \/>\n<meta name=\"twitter:label1\" content=\"Tiempo de lectura\" \/>\n\t<meta name=\"twitter:data1\" content=\"5 minutos\" \/>\n<script type=\"application\/ld+json\" class=\"yoast-schema-graph\">{\"@context\":\"https:\\\/\\\/schema.org\",\"@graph\":[{\"@type\":\"WebPage\",\"@id\":\"https:\\\/\\\/indeedflex.com\\\/es\\\/como-funciona-la-aplicacion\\\/tutoriales\\\/\",\"url\":\"https:\\\/\\\/indeedflex.com\\\/es\\\/como-funciona-la-aplicacion\\\/tutoriales\\\/\",\"name\":\"Aprende a utilizar la aplicaci\u00f3n con nuestros v\u00eddeos tutoriales | Indeed Flex US\",\"isPartOf\":{\"@id\":\"https:\\\/\\\/indeedflex.com\\\/es\\\/#website\"},\"datePublished\":\"2024-03-11T16:09:00+00:00\",\"dateModified\":\"2026-03-23T16:30:03+00:00\",\"description\":\"Vea tutoriales en v\u00eddeo sobre aplicaciones en Indeed Flex para disfrutar de una experiencia de usuario perfecta. Aprende a navegar por la plataforma y aprovecha al m\u00e1ximo tu b\u00fasqueda de empleo.\",\"breadcrumb\":{\"@id\":\"https:\\\/\\\/indeedflex.com\\\/es\\\/como-funciona-la-aplicacion\\\/tutoriales\\\/#breadcrumb\"},\"inLanguage\":\"es\",\"potentialAction\":[{\"@type\":\"ReadAction\",\"target\":[\"https:\\\/\\\/indeedflex.com\\\/es\\\/como-funciona-la-aplicacion\\\/tutoriales\\\/\"]}]},{\"@type\":\"BreadcrumbList\",\"@id\":\"https:\\\/\\\/indeedflex.com\\\/es\\\/como-funciona-la-aplicacion\\\/tutoriales\\\/#breadcrumb\",\"itemListElement\":[{\"@type\":\"ListItem\",\"position\":1,\"name\":\"Home\",\"item\":\"https:\\\/\\\/indeedflex.com\\\/es\\\/job-seekers\\\/\"},{\"@type\":\"ListItem\",\"position\":2,\"name\":\"C\u00f3mo funciona la aplicaci\u00f3n\",\"item\":\"https:\\\/\\\/indeedflex.com\\\/es\\\/como-funciona-la-aplicacion\\\/\"},{\"@type\":\"ListItem\",\"position\":3,\"name\":\"Aprende a utilizar la aplicaci\u00f3n con nuestros v\u00eddeos tutoriales\"}]},{\"@type\":\"WebSite\",\"@id\":\"https:\\\/\\\/indeedflex.com\\\/es\\\/#website\",\"url\":\"https:\\\/\\\/indeedflex.com\\\/es\\\/\",\"name\":\"Indeed Flex US\",\"description\":\"Instant access to thousands of jobs and workers\",\"alternateName\":\"Your life. Your work. Your choice.\",\"potentialAction\":[{\"@type\":\"SearchAction\",\"target\":{\"@type\":\"EntryPoint\",\"urlTemplate\":\"https:\\\/\\\/indeedflex.com\\\/es\\\/?s={search_term_string}\"},\"query-input\":{\"@type\":\"PropertyValueSpecification\",\"valueRequired\":true,\"valueName\":\"search_term_string\"}}],\"inLanguage\":\"es\"}]}<\/script>\n<!-- \/ Yoast SEO plugin. -->","yoast_head_json":{"title":"Aprende a utilizar la aplicaci\u00f3n con nuestros v\u00eddeos tutoriales | Indeed Flex US","description":"Vea tutoriales en v\u00eddeo sobre aplicaciones en Indeed Flex para disfrutar de una experiencia de usuario perfecta. Aprende a navegar por la plataforma y aprovecha al m\u00e1ximo tu b\u00fasqueda de empleo.","robots":{"index":"index","follow":"follow","max-snippet":"max-snippet:-1","max-image-preview":"max-image-preview:large","max-video-preview":"max-video-preview:-1"},"canonical":"https:\/\/indeedflex.com\/es\/como-funciona-la-aplicacion\/tutoriales\/","og_locale":"es_ES","og_type":"article","og_title":"Aprende a utilizar la aplicaci\u00f3n con nuestros v\u00eddeos tutoriales | Indeed Flex US","og_description":"Vea tutoriales en v\u00eddeo sobre aplicaciones en Indeed Flex para disfrutar de una experiencia de usuario perfecta. Aprende a navegar por la plataforma y aprovecha al m\u00e1ximo tu b\u00fasqueda de empleo.","og_url":"https:\/\/indeedflex.com\/es\/como-funciona-la-aplicacion\/tutoriales\/","og_site_name":"Indeed Flex US","article_modified_time":"2026-03-23T16:30:03+00:00","og_image":[{"width":2560,"height":2630,"url":"https:\/\/indeedflex.com\/wp-content\/uploads\/sites\/5\/2024\/03\/Control-who-you-hire-US.png","type":"image\/png"}],"twitter_card":"summary_large_image","twitter_misc":{"Tiempo de lectura":"5 minutos"},"schema":{"@context":"https:\/\/schema.org","@graph":[{"@type":"WebPage","@id":"https:\/\/indeedflex.com\/es\/como-funciona-la-aplicacion\/tutoriales\/","url":"https:\/\/indeedflex.com\/es\/como-funciona-la-aplicacion\/tutoriales\/","name":"Aprende a utilizar la aplicaci\u00f3n con nuestros v\u00eddeos tutoriales | Indeed Flex US","isPartOf":{"@id":"https:\/\/indeedflex.com\/es\/#website"},"datePublished":"2024-03-11T16:09:00+00:00","dateModified":"2026-03-23T16:30:03+00:00","description":"Vea tutoriales en v\u00eddeo sobre aplicaciones en Indeed Flex para disfrutar de una experiencia de usuario perfecta. Aprende a navegar por la plataforma y aprovecha al m\u00e1ximo tu b\u00fasqueda de empleo.","breadcrumb":{"@id":"https:\/\/indeedflex.com\/es\/como-funciona-la-aplicacion\/tutoriales\/#breadcrumb"},"inLanguage":"es","potentialAction":[{"@type":"ReadAction","target":["https:\/\/indeedflex.com\/es\/como-funciona-la-aplicacion\/tutoriales\/"]}]},{"@type":"BreadcrumbList","@id":"https:\/\/indeedflex.com\/es\/como-funciona-la-aplicacion\/tutoriales\/#breadcrumb","itemListElement":[{"@type":"ListItem","position":1,"name":"Home","item":"https:\/\/indeedflex.com\/es\/job-seekers\/"},{"@type":"ListItem","position":2,"name":"C\u00f3mo funciona la aplicaci\u00f3n","item":"https:\/\/indeedflex.com\/es\/como-funciona-la-aplicacion\/"},{"@type":"ListItem","position":3,"name":"Aprende a utilizar la aplicaci\u00f3n con nuestros v\u00eddeos tutoriales"}]},{"@type":"WebSite","@id":"https:\/\/indeedflex.com\/es\/#website","url":"https:\/\/indeedflex.com\/es\/","name":"Indeed Flex US","description":"Instant access to thousands of jobs and workers","alternateName":"Your life. Your work. Your choice.","potentialAction":[{"@type":"SearchAction","target":{"@type":"EntryPoint","urlTemplate":"https:\/\/indeedflex.com\/es\/?s={search_term_string}"},"query-input":{"@type":"PropertyValueSpecification","valueRequired":true,"valueName":"search_term_string"}}],"inLanguage":"es"}]}},"_links":{"self":[{"href":"https:\/\/indeedflex.com\/es\/wp-json\/wp\/v2\/pages\/8390","targetHints":{"allow":["GET"]}}],"collection":[{"href":"https:\/\/indeedflex.com\/es\/wp-json\/wp\/v2\/pages"}],"about":[{"href":"https:\/\/indeedflex.com\/es\/wp-json\/wp\/v2\/types\/page"}],"author":[{"embeddable":true,"href":"https:\/\/indeedflex.com\/es\/wp-json\/wp\/v2\/users\/10"}],"replies":[{"embeddable":true,"href":"https:\/\/indeedflex.com\/es\/wp-json\/wp\/v2\/comments?post=8390"}],"version-history":[{"count":1,"href":"https:\/\/indeedflex.com\/es\/wp-json\/wp\/v2\/pages\/8390\/revisions"}],"predecessor-version":[{"id":27743,"href":"https:\/\/indeedflex.com\/es\/wp-json\/wp\/v2\/pages\/8390\/revisions\/27743"}],"up":[{"embeddable":true,"href":"https:\/\/indeedflex.com\/es\/wp-json\/wp\/v2\/pages\/8366"}],"wp:attachment":[{"href":"https:\/\/indeedflex.com\/es\/wp-json\/wp\/v2\/media?parent=8390"}],"curies":[{"name":"wp","href":"https:\/\/api.w.org\/{rel}","templated":true}]}}