{"id":8380,"date":"2024-01-05T12:30:31","date_gmt":"2024-01-05T12:30:31","guid":{"rendered":"https:\/\/indeedflex.com\/jobseeker-help\/"},"modified":"2024-06-03T14:48:20","modified_gmt":"2024-06-03T13:48:20","slug":"jobseeker-help","status":"publish","type":"page","link":"https:\/\/indeedflex.com\/es\/jobseeker-help\/","title":{"rendered":"Ayuda"},"content":{"rendered":"","protected":false},"excerpt":{"rendered":"","protected":false},"author":2,"featured_media":0,"parent":0,"menu_order":6,"comment_status":"closed","ping_status":"closed","template":"","meta":{"_acf_changed":false,"content-type":"","footnotes":""},"class_list":["post-8380","page","type-page","status-publish","hentry"],"acf":{"blocks":[{"acf_fc_layout":"accordion_and_title","title":"Empezando","accordion":[{"title":"\u00bfQu\u00e9 tipo de trabajos est\u00e1n disponibles en Indeed Flex?","content":"<p>La respuesta corta es: de todo tipo. Ofrecemos una amplia gama de oportunidades de trabajo temporal, a largo plazo y permanente temporal en una serie de industrias diferentes, principalmente: industrial, limpieza, hoteler\u00eda, comercio minorista y oficina.<\/p>\r\n<p>Estos roles van desde operadores de almac\u00e9n hasta camareros, chefs, asistentes de venta minorista, limpiadores, soporte de ventas y m\u00e1s. Hay algo para todos los gustos.<\/p>"},{"title":"  \u00bfCu\u00e1les son los requisitos para unirse a Indeed Flex?","content":"<p>Intentamos que unirse a Indeed Flex sea lo m\u00e1s sencillo posible. Sin embargo, como m\u00ednimo, debes:<\/p>\r\n<ul>\r\n\t<li>Tener al menos 18 a\u00f1os<\/li>\r\n\t<li>Complete con \u00e9xito un formulario I-9, a trav\u00e9s de E-Verify<\/li>\r\n\t<li>Tener un tel\u00e9fono inteligente, ya que somos un servicio basado en aplicaciones.<\/li>\r\n\t<li>Tener una cuenta bancaria registrada en EE. UU.<\/li>\r\n\t<li>Tener un perfil completo (foto profesional y resumen de tus habilidades y experiencia)<\/li>\r\n<\/ul>"},{"title":"\u00bfPuedo utilizar Indeed Flex como una soluci\u00f3n profesional a largo plazo?","content":"<p>S\u00ed, ofrecemos puestos temporales y trabajo por turnos, pero tambi\u00e9n ofrecemos puestos a largo plazo y permanentes temporales, seg\u00fan la empresa que los ofrezca. De hecho, hemos elegido resaltar esto en las tarjetas de trabajo que ver\u00e1 dentro de la aplicaci\u00f3n. Por ejemplo, ver\u00e1s \"Largo plazo\" en la parte inferior de algunos de ellos.<\/p>\r\n<p>Pero incluso si trabajas en puestos temporales de corto plazo o de turno en turno, a\u00fan puedes usar esto como una soluci\u00f3n profesional a largo plazo, ya que las empresas pueden agregarte a su grupo de talentos, lo que significa que te elegir\u00e1n una y otra vez. para roles.<\/p>\r\n<p>En \u00faltima instancia, atendemos diferentes estilos de vida y necesidades, para que usted pueda elegir c\u00f3mo darle forma a su carrera.<\/p>"},{"title":"\u00bfPuedo encontrar trabajo con Indeed Flex aunque tenga experiencia y habilidades limitadas?","content":"<p>S\u00ed, hay muchos roles en la aplicaci\u00f3n que no requieren que usted tenga a\u00f1os de experiencia o un conjunto de habilidades espec\u00edficas: roles como recolector, empacador, asistente de venta minorista, asistente de cocina, personal general, soporte de ventas y m\u00e1s.<\/p>\r\n<p>Puede comenzar en estos roles y luego ascender a medida que adquiera m\u00e1s experiencia.<\/p>"},{"title":"\u00bfEs Indeed Flex adecuado para estudiantes?","content":"<p>S\u00ed, lo es, para estudiantes universitarios de 18 a\u00f1os o m\u00e1s.<\/p>\r\n<p>Ofrecemos la oportunidad ideal de obtener ingresos adaptando el trabajo a tus estudios, con oportunidades flexibles que se adaptan a tu horario acad\u00e9mico.<\/p>\r\n<p>Por lo tanto, podr\u00eda, por ejemplo, trabajar a tiempo parcial durante el semestre y luego dedicar m\u00e1s horas fuera de ese per\u00edodo durante las vacaciones.<\/p>\r\n<p>&nbsp;<\/p>"},{"title":"\u00bfQu\u00e9 tan pronto puedo empezar a trabajar para Indeed Flex?","content":"<p>Una vez que haya encontrado un trabajo en la aplicaci\u00f3n dentro de su \u00e1rea, haya pasado con \u00e9xito la entrevista y haya completado nuestro proceso de incorporaci\u00f3n, deber\u00eda poder comenzar a reservar trabajos de inmediato. Sin embargo, tenga en cuenta que el tiempo puede variar dependiendo de factores como la demanda de trabajadores en su \u00e1rea y los requisitos espec\u00edficos para los puestos que le interesan.<\/p>\r\n<p>Pero siempre pretendemos minimizar el per\u00edodo de espera.<\/p>"},{"title":"\u00bfPuedo trabajar en varios roles al mismo tiempo?","content":"<p>S\u00ed, siempre y cuando hayas superado con \u00e9xito tu entrevista y tengas las habilidades necesarias para llevarla a cabo.<\/p>\r\n<p>Por ejemplo, en el sector industrial, es posible que pueda trabajar como ensamblador, recolector, empacador y operador de m\u00e1quinas.<\/p>\r\n<p>O quiz\u00e1s pueda trabajar en m\u00faltiples industrias, por ejemplo, como conductor de montacargas, asistente de venta minorista o personal de seguridad.<\/p>"},{"title":"\u00bfEn qu\u00e9 ubicaciones tiene empleos Indeed Flex?","content":"<p>De hecho, Flex tiene trabajos disponibles en varios estados de EE. UU.:<\/p>\r\n<ul>\r\n\t<li>Atlanta, Georgia<\/li>\r\n\t<li>Austin, Texas, EE.UU.<\/li>\r\n\t<li>Bentonville, Arkansas, EE.UU.<\/li>\r\n\t<li>Ontario, California<\/li>\r\n\t<li>Columbus, Ohio, EE.UU.<\/li>\r\n\t<li>Cincinnati, Ohio, EE.UU.<\/li>\r\n\t<li>Dallas, TX<\/li>\r\n\t<li>Houston, TX<\/li>\r\n\t<li>Nashville, Tennessee<\/li>\r\n<\/ul>\r\n<p>Y seguiremos creciendo juntos a medida que Indeed Flex se expanda a nuevos mercados.<\/p>"},{"title":"\u00bfC\u00f3mo garantiza Indeed Flex la calidad y confiabilidad de las oportunidades laborales?","content":"<p>Las empresas deben publicar trabajos que atraigan a los Flexers, los desaf\u00eden y cumplan con sus expectativas, brind\u00e1ndoles una experiencia positiva.<\/p>\r\n<p>Y los Flexers pueden calificar a las empresas, d\u00e1ndoles a\u00fan m\u00e1s razones para ofrecer oportunidades de calidad.<\/p>"},{"title":"\u00bfA d\u00f3nde voy para obtener ayuda?","content":"<p>Puede obtener ayuda de varias maneras, todas a trav\u00e9s de la aplicaci\u00f3n.<\/p>\r\n<p>Puedes ver nuestros <a href=\"https:\/\/indeedflex.com\/watch-app-tutorials\/\">videos tutoriales<\/a> , que cubren temas como \"C\u00f3mo reservar un turno\" y \"La importancia de tu perfil\".<\/p>\r\n<p>Tambi\u00e9n puede buscar en nuestras <a href=\"https:\/\/indeedflex.com\/faqs\/job-seekers\/\">Preguntas frecuentes<\/a> las respuestas a las preguntas que nos hacen con m\u00e1s frecuencia.<\/p>\r\n<p>Y si no puede encontrar las respuestas que busca siguiendo cualquiera de esas rutas, puede hacernos preguntas a trav\u00e9s <strong>de la funci\u00f3n de chat en vivo en la aplicaci\u00f3n<\/strong> .<\/p>"}]},{"acf_fc_layout":"accordion_and_title","title":"Descarga la aplicaci\u00f3n y reg\u00edstrate","accordion":[{"title":"\u00bfC\u00f3mo puedo empezar a utilizar Indeed Flex?","content":"<p>Hemos intentado que el proceso sea lo m\u00e1s sencillo posible:<\/p>\r\n<ul>\r\n\t<li>Descarga la aplicaci\u00f3n<\/li>\r\n\t<li>Crear perfil<\/li>\r\n\t<li>Agregue sus preferencias: ubicaci\u00f3n, horario, etc.<\/li>\r\n\t<li>Explore los trabajos disponibles y presente su solicitud<\/li>\r\n\t<li>Reserve una entrevista para ser verificado<\/li>\r\n\t<li>Tu primer turno ya est\u00e1 reservado<\/li>\r\n\t<li>\u00a1Pres\u00e9ntate, ficha y empieza a trabajar!<\/li>\r\n<\/ul>\r\n<p>&nbsp;<\/p>\r\n<p>Si necesita un poco m\u00e1s de informaci\u00f3n, consulte nuestros <a href=\"https:\/\/indeedflex.com\/how-the-app-works\/video-app-tutorials\/\">tutoriales en v\u00eddeo<\/a> , que cubren aspectos como \"C\u00f3mo reservar un turno\" y \"C\u00f3mo obtener asistencia\".<\/p>"},{"title":"\u00bfC\u00f3mo descargo la aplicaci\u00f3n?","content":"<p>Dependiendo de su dispositivo m\u00f3vil; Dir\u00edgete a App Store o Google Play, busca la aplicaci\u00f3n Indeed Flex y <a href=\"https:\/\/indeedflex.com\/download-app\/\">desc\u00e1rgala<\/a> .<\/p>"},{"title":"\u00bfQu\u00e9 pasos debo seguir para registrarme?","content":"<p>Despu\u00e9s de descargar la aplicaci\u00f3n, deber\u00e1 crear datos de inicio de sesi\u00f3n: la direcci\u00f3n de correo electr\u00f3nico que elija (esta es la direcci\u00f3n de correo electr\u00f3nico con la que nos comunicaremos con usted) y una contrase\u00f1a segura.<\/p>\r\n<p>Luego deber\u00e1s dirigirte a Indeed.com e iniciar sesi\u00f3n con tu cuenta existente o crear una nueva.<\/p>\r\n<p>Registrarse en Indeed.com le permitir\u00e1 continuar configurando su cuenta Indeed Flex.<\/p>"},{"title":"\u00bfC\u00f3mo hago para que mi perfil se destaque?","content":"<p>Hay algunas cosas simples que puedes hacer para que tu perfil realmente brille y capte la atenci\u00f3n de las empresas:<\/p>\r\n<ol>\r\n\t<li>A\u00f1ade una imagen buena y de aspecto profesional.<\/li>\r\n\t<li>Resumen: agrega tu biograf\u00eda, recordando mencionar tus habilidades y experiencia relevantes, y un par de detalles que muestren tu personalidad.<\/li>\r\n\t<li>Experiencia laboral: agregue cualquier puesto que haya cubierto en el pasado, en \"Habilidades y experiencias\". Recuerde tocar \"Guardar\" despu\u00e9s de agregar cada uno.<\/li>\r\n\t<li>Preferencias de trabajo: agregue su ubicaci\u00f3n, disponibilidad y tarifa de pago preferida.<\/li>\r\n<\/ol>"}]},{"acf_fc_layout":"accordion_and_title","title":"\u00bfC\u00f3mo obtengo la verificaci\u00f3n?","accordion":[{"title":"\u00bfC\u00f3mo obtengo la verificaci\u00f3n para trabajar a trav\u00e9s de Indeed Flex?","content":"<p>Usted ser\u00e1 verificado al ser entrevistado exitosamente por un reclutador de Indeed Flex, momento en el cual deber\u00e1 proporcionar toda la documentaci\u00f3n requerida para la incorporaci\u00f3n y confirmar las habilidades y experiencia necesarias para el puesto que ha solicitado.<\/p>\r\n<p>La verificaci\u00f3n le permite buscar y reservar libremente trabajos disponibles en su \u00e1rea que coincidan con sus preferencias.<\/p>"},{"title":"\u00bfPuedo obtener la verificaci\u00f3n incluso si no hay empleos en mi \u00e1rea?","content":"<p>Lamentablemente no. No queremos perder su valioso tiempo como candidato, por lo que no lo verificaremos a menos que sepamos que podemos satisfacer sus necesidades en t\u00e9rminos de trabajos disponibles en su \u00e1rea, que coincidan con sus habilidades y experiencia.<\/p>\r\n<p>Pero vale la pena revisar la aplicaci\u00f3n regularmente, ya que siempre se agregan nuevos empleos y empresas.<\/p>"},{"title":"\u00bfRecibir\u00e9 notificaciones cuando haya m\u00e1s empleos disponibles en mi \u00e1rea?","content":"<p>S\u00ed lo har\u00e1s.<\/p>\r\n<p>Recibir\u00e1s correos electr\u00f3nicos, mensajes de texto y notificaciones autom\u00e1ticas para que no te pierdas los roles que deseas. Solo aseg\u00farese de habilitar las notificaciones y suscribirse para recibir correos electr\u00f3nicos.<\/p>"},{"title":"\u00bfQu\u00e9 necesito preparar antes de la entrevista?","content":"<p>Hay cuatro cosas principales que debes considerar antes de la entrevista:<\/p>\r\n<ol>\r\n\t<li>Tenga disponibles los documentos correctos que demuestren que es elegible para trabajar en los EE. UU.<\/li>\r\n\t<li>Vestirse para impresionar. Si vas a desempe\u00f1ar un puesto en la hospitalidad, usa lo mismo que usar\u00edas para el trabajo. En caso de duda, una camisa blanca sencilla y pantalones oscuros son una buena opci\u00f3n.<\/li>\r\n\t<li>Est\u00e9 preparado para hablar sobre sus habilidades y experiencia en relaci\u00f3n con el puesto que ha solicitado. \u00bfHay alg\u00fan ejemplo anterior que demuestre que es la persona adecuada para el puesto?<\/li>\r\n\t<li>Est\u00e9 preparado para hacer algunas preguntas sobre el puesto. Demuestra que est\u00e1s interesado y que realmente lo deseas.<\/li>\r\n<\/ol>"},{"title":"\u00bfTengo que entrevistarme para cada puesto?","content":"<p>No siempre. Depende del(los) rol(es).<\/p>\r\n<p>Por ejemplo, puede estar calificado como personal general, camareros, personal de festivales y trabajo de bar sin tener que realizar entrevistas separadas para cada funci\u00f3n.<\/p>\r\n<p>Sin embargo, si se trata de un puesto de especialista, necesitar\u00e1 una entrevista u orientaci\u00f3n por separado. Por ejemplo, es posible que deba asistir a una capacitaci\u00f3n de orientaci\u00f3n sobre seguridad antes de poder comenzar.<\/p>"},{"title":"  \u00bfQu\u00e9 es un I-9?","content":"<p>Un I-9 se utiliza para verificar la identidad y la autorizaci\u00f3n de empleo de personas contratadas para trabajar en los Estados Unidos.<\/p>\r\n<p>En el formulario, un empleado debe dar fe de su autorizaci\u00f3n de empleo. El empleado tambi\u00e9n debe presentar a su empleador <a href=\"https:\/\/www.uscis.gov\/i-9-central\/form-i-9-acceptable-documents\">documentos aceptables<\/a> como prueba de identidad y autorizaci\u00f3n de empleo.<\/p>"},{"title":"\u00bfNecesito un representante autorizado para completar el formulario I-9?","content":"<p>S\u00ed. El representante autorizado se asegurar\u00e1 de que su formulario I-9 se complete correctamente. Un representante autorizado puede ser cualquier persona mayor de 18 a\u00f1os en quien usted conf\u00ede para inspeccionar f\u00edsicamente el documento, completarlo y firmarlo en su nombre.<\/p>"},{"title":"\u00bfPuedo ser mi propio representante autorizado?","content":"<p>Desafortunadamente no \u2013 no. Un representante autorizado puede ser cualquier persona, mayor de 18 a\u00f1os, en quien usted conf\u00ede para revisar sus documentos de identificaci\u00f3n y completar y firmar el formulario I-9 en su nombre.<\/p>"},{"title":"\u00bfQu\u00e9 debo esperar al cargar documentos I-9?","content":"<p>Nos hemos asociado con Workbright para simplificar el proceso I-9. Todo lo que tiene que hacer es seguir las indicaciones en la aplicaci\u00f3n para completar la primera fase del proceso para cargar su documentaci\u00f3n. <br \/>\r\n<br \/>\r\nUna vez que haya cargado y enviado sus documentos, se le pedir\u00e1 que ingrese el n\u00famero de tel\u00e9fono m\u00f3vil de su representante designado, quien revisar\u00e1 sus documentos y verificar\u00e1 su identidad. <br \/>\r\n<br \/>\r\nSu representante designado recibir\u00e1 un mensaje de texto con un enlace. Al recibirlo, deben tocar el enlace y comenzar confirmando su ubicaci\u00f3n. Su representante designado revisar\u00e1 su documentaci\u00f3n y deber\u00e1 finalizar su revisi\u00f3n con la certificaci\u00f3n de su identidad.<\/p>"},{"title":"\u00bfC\u00f3mo sabr\u00e9 qu\u00e9 se requiere para la verificaci\u00f3n de antecedentes?","content":"<p>La verificaci\u00f3n de antecedentes est\u00e1ndar de Indeed Flex incluye una revisi\u00f3n de los \u00faltimos 7 a\u00f1os. Si ha cometido un delito durante ese tiempo, se revisar\u00e1 con respecto a los factores verdes de la EEOC, como la naturaleza y gravedad del delito o conducta; el tiempo transcurrido desde la comisi\u00f3n del delito y\/o cumplimiento de la pena; y la naturaleza del trabajo que desea realizar.<\/p>\r\n<p>Tenga en cuenta: Clientes espec\u00edficos de Indeed Flex pueden tener requisitos de verificaci\u00f3n de antecedentes \u00fanicos, debido a la naturaleza del puesto que ofrecen. Consulte con su reclutador para obtener m\u00e1s detalles.<\/p>"}]},{"acf_fc_layout":"accordion_and_title","title":"Reserva tu primer turno","accordion":[{"title":"\u00bfC\u00f3mo reservo un trabajo?","content":"<p>Puede reservar un trabajo de dos maneras:<\/p>\r\n<p>1. Dir\u00edgete a la pesta\u00f1a \"Examinar\" en la aplicaci\u00f3n, busca un trabajo que se adapte a tus habilidades, experiencia y ubicaci\u00f3n, toca ese trabajo y luego toca \"Aplicar\". Ese trabajo aparecer\u00e1 en \"Aplicado\" (parte superior de la pantalla), en la pesta\u00f1a \"Mis trabajos\".<\/p>\r\n<p>Si la empresa acepta su solicitud, ese trabajo aparecer\u00e1 en \"Ofrecido\", momento en el que podr\u00e1 tocar \"Reservar trabajo\" y aparecer\u00e1 en \"Reservado\".<\/p>\r\n<p>2. Dir\u00edgete a la pesta\u00f1a \"Mis trabajos\" en la aplicaci\u00f3n, donde ver\u00e1s los trabajos \"ofrecidos\". Son trabajos que te han sido ofrecidos directamente por una empresa. En este caso, solo necesita tocar ese trabajo y tocar \"Reservar turno\" lo m\u00e1s r\u00e1pido posible. Ese trabajo deber\u00eda ser suyo y aparecer\u00e1 en \"Reservado\".<\/p>\r\n<p>En ambos casos, el trabajo aparecer\u00e1 en su pantalla de inicio como su pr\u00f3ximo turno y deber\u00e1 confirmar su asistencia al menos 24 horas antes de la hora de inicio.<\/p>"},{"title":"Reservado, ofrecido y solicitado: \u00bfCu\u00e1l es la diferencia?","content":"<p>Es bastante simple.<\/p>\r\n<p>Solicitado = simplemente solicit\u00f3 ese puesto, pero a\u00fan no ha sido aceptado para \u00e9l. Tendr\u00e1s que esperar y ver si la empresa decide ofrec\u00e9rtelo.<\/p>\r\n<p>Ofrecido = la empresa quiere contratarlo; se le ha ofrecido el puesto, \u00a1as\u00ed que cons\u00edgalo antes que cualquier otro Flexer!<\/p>\r\n<p>Reservado = El trabajo es tuyo. Eso es todo, est\u00e1 en la bolsa. Lo \u00fanico que tienes que hacer ahora es confirmar tu asistencia (al menos con 24 horas de antelaci\u00f3n) y llegar puntual, con el uniforme correcto, y fichar la entrada. Recomendamos llegar 15 minutos antes de la hora de su turno, solo para estar completamente preparado.<\/p>"}]},{"acf_fc_layout":"accordion_and_title","title":"Pago","accordion":[{"title":"\u00bfC\u00f3mo me pagan por los trabajos que realizo a trav\u00e9s de Indeed Flex?","content":"<p>Recibir\u00e1s tu salario en la cuenta que nos proporcionaste cuando ingresaste tus datos bancarios en la aplicaci\u00f3n, en \"Perfil\".<\/p>\r\n<p>Lo bueno de trabajar con Indeed Flex es que todo es cuesti\u00f3n de opciones. En este caso, puede elegir c\u00f3mo le pagan.<\/p>\r\n<p>Puede recibir su pago semanalmente, a trav\u00e9s de n\u00f3mina, y todo su salario ingresar\u00e1 en su cuenta el viernes siguiente a la semana en la que trabaj\u00f3.<\/p>\r\n<p>O\u2026<\/p>\r\n<p>Puede elegir que le paguen casi instant\u00e1neamente despu\u00e9s de un turno, con <a href=\"https:\/\/indeedflex.com\/benefits-pay\/same-day-pay\/\">Pago el mismo d\u00eda<\/a> . Esto le permite retirar hasta el 50% de su cheque de pago directamente a su cuenta.<\/p>\r\n<p>Recibir\u00e1s el resto el viernes siguiente, como se mencion\u00f3 anteriormente.<\/p>\r\n<p>Tenga en cuenta que su anticipo de pago el mismo d\u00eda solo se puede tomar dentro de la misma semana durante la cual trabaj\u00f3 con fecha l\u00edmite el domingo a medianoche.<\/p>"},{"title":"\u00bfMe pueden pagar diariamente?","content":"<p>S\u00ed. Consulte la respuesta sobre <a href=\"https:\/\/indeedflex.com\/benefits-pay\/same-day-pay\/\">el pago el mismo d\u00eda<\/a> .<\/p>\r\n<p>A trav\u00e9s de nuestro socio Branch, puedes retirar hasta el 50% de tus ganancias el mismo d\u00eda en el que acabas de trabajar.<\/p>"},{"title":"\u00bfC\u00f3mo puedo ver mis recibos de pago?","content":"<p>Puede ver sus recibos de pago en la aplicaci\u00f3n Indeed Flex, en la pesta\u00f1a \"Pagar\".<\/p>\r\n<p>&nbsp;<\/p>"}]},{"acf_fc_layout":"4_teasers","override_global_settings":false,"title":"Discover Indeed Flex","subtitle":"Conozca la plataforma que est\u00e1 transformando el personal temporal","teasers":null}]},"yoast_head":"<!-- This site is optimized with the Yoast SEO plugin v27.3 - https:\/\/yoast.com\/product\/yoast-seo-wordpress\/ -->\n<title>\u00bfC\u00f3mo podemos ayudar? | Preguntas frecuentes | Indeed Flex US<\/title>\n<meta name=\"description\" content=\"Estamos aqu\u00ed para ayudarle a conocer Indeed Flex. Explore nuestra colecci\u00f3n de art\u00edculos \u00fatiles y encuentre respuestas a sus preguntas r\u00e1pidamente.\" \/>\n<meta name=\"robots\" content=\"index, follow, max-snippet:-1, max-image-preview:large, max-video-preview:-1\" \/>\n<link rel=\"canonical\" href=\"https:\/\/indeedflex.com\/es\/jobseeker-help\/\" \/>\n<meta property=\"og:locale\" content=\"es_ES\" \/>\n<meta property=\"og:type\" content=\"article\" \/>\n<meta property=\"og:title\" content=\"\u00bfC\u00f3mo podemos ayudar? | Preguntas frecuentes | Indeed Flex US\" \/>\n<meta property=\"og:description\" content=\"Estamos aqu\u00ed para ayudarle a conocer Indeed Flex. Explore nuestra colecci\u00f3n de art\u00edculos \u00fatiles y encuentre respuestas a sus preguntas r\u00e1pidamente.\" \/>\n<meta property=\"og:url\" content=\"https:\/\/indeedflex.com\/es\/jobseeker-help\/\" \/>\n<meta property=\"og:site_name\" content=\"Indeed Flex US\" \/>\n<meta property=\"article:modified_time\" content=\"2024-06-03T13:48:20+00:00\" \/>\n<meta property=\"og:image\" content=\"https:\/\/indeedflex.com\/wp-content\/uploads\/sites\/5\/2024\/03\/Control-who-you-hire-US.png\" \/>\n\t<meta property=\"og:image:width\" content=\"2560\" \/>\n\t<meta property=\"og:image:height\" content=\"2630\" \/>\n\t<meta property=\"og:image:type\" content=\"image\/png\" \/>\n<meta name=\"twitter:card\" content=\"summary_large_image\" \/>\n<meta name=\"twitter:label1\" content=\"Tiempo de lectura\" \/>\n\t<meta name=\"twitter:data1\" content=\"12 minutos\" \/>\n<script type=\"application\/ld+json\" class=\"yoast-schema-graph\">{\"@context\":\"https:\\\/\\\/schema.org\",\"@graph\":[{\"@type\":\"WebPage\",\"@id\":\"https:\\\/\\\/indeedflex.com\\\/es\\\/jobseeker-help\\\/\",\"url\":\"https:\\\/\\\/indeedflex.com\\\/es\\\/jobseeker-help\\\/\",\"name\":\"\u00bfC\u00f3mo podemos ayudar? | Preguntas frecuentes | Indeed Flex US\",\"isPartOf\":{\"@id\":\"https:\\\/\\\/indeedflex.com\\\/es\\\/#website\"},\"datePublished\":\"2024-01-05T12:30:31+00:00\",\"dateModified\":\"2024-06-03T13:48:20+00:00\",\"description\":\"Estamos aqu\u00ed para ayudarle a conocer Indeed Flex. Explore nuestra colecci\u00f3n de art\u00edculos \u00fatiles y encuentre respuestas a sus preguntas r\u00e1pidamente.\",\"breadcrumb\":{\"@id\":\"https:\\\/\\\/indeedflex.com\\\/es\\\/jobseeker-help\\\/#breadcrumb\"},\"inLanguage\":\"es\",\"potentialAction\":[{\"@type\":\"ReadAction\",\"target\":[\"https:\\\/\\\/indeedflex.com\\\/es\\\/jobseeker-help\\\/\"]}]},{\"@type\":\"BreadcrumbList\",\"@id\":\"https:\\\/\\\/indeedflex.com\\\/es\\\/jobseeker-help\\\/#breadcrumb\",\"itemListElement\":[{\"@type\":\"ListItem\",\"position\":1,\"name\":\"Home\",\"item\":\"https:\\\/\\\/indeedflex.com\\\/es\\\/job-seekers\\\/\"},{\"@type\":\"ListItem\",\"position\":2,\"name\":\"Ayuda\"}]},{\"@type\":\"WebSite\",\"@id\":\"https:\\\/\\\/indeedflex.com\\\/es\\\/#website\",\"url\":\"https:\\\/\\\/indeedflex.com\\\/es\\\/\",\"name\":\"Indeed Flex US\",\"description\":\"Instant access to thousands of jobs and workers\",\"alternateName\":\"Your life. Your work. Your choice.\",\"potentialAction\":[{\"@type\":\"SearchAction\",\"target\":{\"@type\":\"EntryPoint\",\"urlTemplate\":\"https:\\\/\\\/indeedflex.com\\\/es\\\/?s={search_term_string}\"},\"query-input\":{\"@type\":\"PropertyValueSpecification\",\"valueRequired\":true,\"valueName\":\"search_term_string\"}}],\"inLanguage\":\"es\"}]}<\/script>\n<!-- \/ Yoast SEO plugin. -->","yoast_head_json":{"title":"\u00bfC\u00f3mo podemos ayudar? | Preguntas frecuentes | Indeed Flex US","description":"Estamos aqu\u00ed para ayudarle a conocer Indeed Flex. Explore nuestra colecci\u00f3n de art\u00edculos \u00fatiles y encuentre respuestas a sus preguntas r\u00e1pidamente.","robots":{"index":"index","follow":"follow","max-snippet":"max-snippet:-1","max-image-preview":"max-image-preview:large","max-video-preview":"max-video-preview:-1"},"canonical":"https:\/\/indeedflex.com\/es\/jobseeker-help\/","og_locale":"es_ES","og_type":"article","og_title":"\u00bfC\u00f3mo podemos ayudar? | Preguntas frecuentes | Indeed Flex US","og_description":"Estamos aqu\u00ed para ayudarle a conocer Indeed Flex. Explore nuestra colecci\u00f3n de art\u00edculos \u00fatiles y encuentre respuestas a sus preguntas r\u00e1pidamente.","og_url":"https:\/\/indeedflex.com\/es\/jobseeker-help\/","og_site_name":"Indeed Flex US","article_modified_time":"2024-06-03T13:48:20+00:00","og_image":[{"width":2560,"height":2630,"url":"https:\/\/indeedflex.com\/wp-content\/uploads\/sites\/5\/2024\/03\/Control-who-you-hire-US.png","type":"image\/png"}],"twitter_card":"summary_large_image","twitter_misc":{"Tiempo de lectura":"12 minutos"},"schema":{"@context":"https:\/\/schema.org","@graph":[{"@type":"WebPage","@id":"https:\/\/indeedflex.com\/es\/jobseeker-help\/","url":"https:\/\/indeedflex.com\/es\/jobseeker-help\/","name":"\u00bfC\u00f3mo podemos ayudar? | Preguntas frecuentes | Indeed Flex US","isPartOf":{"@id":"https:\/\/indeedflex.com\/es\/#website"},"datePublished":"2024-01-05T12:30:31+00:00","dateModified":"2024-06-03T13:48:20+00:00","description":"Estamos aqu\u00ed para ayudarle a conocer Indeed Flex. Explore nuestra colecci\u00f3n de art\u00edculos \u00fatiles y encuentre respuestas a sus preguntas r\u00e1pidamente.","breadcrumb":{"@id":"https:\/\/indeedflex.com\/es\/jobseeker-help\/#breadcrumb"},"inLanguage":"es","potentialAction":[{"@type":"ReadAction","target":["https:\/\/indeedflex.com\/es\/jobseeker-help\/"]}]},{"@type":"BreadcrumbList","@id":"https:\/\/indeedflex.com\/es\/jobseeker-help\/#breadcrumb","itemListElement":[{"@type":"ListItem","position":1,"name":"Home","item":"https:\/\/indeedflex.com\/es\/job-seekers\/"},{"@type":"ListItem","position":2,"name":"Ayuda"}]},{"@type":"WebSite","@id":"https:\/\/indeedflex.com\/es\/#website","url":"https:\/\/indeedflex.com\/es\/","name":"Indeed Flex US","description":"Instant access to thousands of jobs and workers","alternateName":"Your life. Your work. Your choice.","potentialAction":[{"@type":"SearchAction","target":{"@type":"EntryPoint","urlTemplate":"https:\/\/indeedflex.com\/es\/?s={search_term_string}"},"query-input":{"@type":"PropertyValueSpecification","valueRequired":true,"valueName":"search_term_string"}}],"inLanguage":"es"}]}},"_links":{"self":[{"href":"https:\/\/indeedflex.com\/es\/wp-json\/wp\/v2\/pages\/8380","targetHints":{"allow":["GET"]}}],"collection":[{"href":"https:\/\/indeedflex.com\/es\/wp-json\/wp\/v2\/pages"}],"about":[{"href":"https:\/\/indeedflex.com\/es\/wp-json\/wp\/v2\/types\/page"}],"author":[{"embeddable":true,"href":"https:\/\/indeedflex.com\/es\/wp-json\/wp\/v2\/users\/2"}],"replies":[{"embeddable":true,"href":"https:\/\/indeedflex.com\/es\/wp-json\/wp\/v2\/comments?post=8380"}],"version-history":[{"count":0,"href":"https:\/\/indeedflex.com\/es\/wp-json\/wp\/v2\/pages\/8380\/revisions"}],"wp:attachment":[{"href":"https:\/\/indeedflex.com\/es\/wp-json\/wp\/v2\/media?parent=8380"}],"curies":[{"name":"wp","href":"https:\/\/api.w.org\/{rel}","templated":true}]}}