{"id":25757,"date":"2025-12-09T19:46:22","date_gmt":"2025-12-09T19:46:22","guid":{"rendered":"https:\/\/indeedflex.com\/?page_id=25757"},"modified":"2026-02-12T16:10:40","modified_gmt":"2026-02-12T16:10:40","slug":"lp-obrero-general-industrial","status":"publish","type":"page","link":"https:\/\/indeedflex.com\/es\/lp-obrero-general-industrial\/","title":{"rendered":"W2A &#8211; Industrial General Labor &#8211; Spanish"},"content":{"rendered":"","protected":false},"excerpt":{"rendered":"","protected":false},"author":69,"featured_media":12463,"parent":0,"menu_order":69,"comment_status":"closed","ping_status":"closed","template":"tpl\/tpl-no-header-footer.php","meta":{"_acf_changed":false,"content-type":"","footnotes":""},"class_list":["post-25757","page","type-page","status-publish","has-post-thumbnail","hentry"],"acf":{"blocks":[{"acf_fc_layout":"highlight_points_text","ukus_icons":false,"jobseekeremployer_icons":false,"highlights_employer_uk":null,"highlights_employer_us":null,"highlights_jobseeker_uk":null,"highlights_jobseeker_us":[{"icon":"Flexibility.svg","highlight_text":"Elige cu\u00e1ndo y d\u00f3nde trabajas","subheading":""},{"icon":"control-choice.svg","highlight_text":"Desarrolla tus habilidades","subheading":""},{"icon":"SameDayPay.svg","highlight_text":"Elige cu\u00e1ndo quieres que te paguen","subheading":""},{"icon":"Benefits.svg","highlight_text":"Gana beneficios y bonificaciones","subheading":""}],"text":"<h3>Beneficios para Flexers<\/h3>\r\n<p>Como Flexer, tienes acceso directo a las mejores oportunidades de trabajo en tu \u00e1rea que se adaptan a tu horario. Desarrolla tu carrera para obtener beneficios, oportunidades de participar en sorteos y bonos adicionales. Adem\u00e1s, con el Pago el Mismo D\u00eda, puedes acceder a tus ganancias cuando lo necesites, perfecto para emergencias inesperadas o sorpresas espont\u00e1neas.<\/p>\r\n<p><a class=\"button\" href=\"https:\/\/indeedflex.com\/es\/descarga-app\/\">Descargar app<\/a><\/p>","text_left_or_right":false},{"acf_fc_layout":"animated_steps","override_title":"Comenzar es f\u00e1cil","override_text":"Sigue estos pasos para postularte a trabajos flexibles cerca de ti.","override_cta":{"type":"url","value":"https:\/\/indeedflex.com\/es\/descarga-app\/","title":"Descargar app","target":false}},{"acf_fc_layout":"faqs","title":"Preguntas frecuentes sobre Obrero General Industrial","subtitle":"","cta":"","faqs":[{"category":"Preguntas frecuentes sobre Trabajo General Industrial","accordion":[{"title":"\u00bfC\u00f3mo puedo encontrar los trabajos ideales de trabajo general industrial?","content":"<p>Si est\u00e1s buscando trabajos flexibles y temporales de trabajo general industrial en tu \u00e1rea, Indeed Flex puede ayudarte. Trabajamos con los mejores empleadores para ofrecer oportunidades de empleo industrial, ya sea que tengas experiencia o est\u00e9s comenzando.<\/p>\r\n<p>Nuestra app f\u00e1cil de usar te permite encontrar y postularte a trabajos de picking y packing que se ajusten a tus habilidades y horario.<\/p>"},{"title":"\u00bfQu\u00e9 hace un obrero general industrial?","content":"<p>Un obrero general industrial de almac\u00e9n es responsable de ayudar a mantener operaciones eficientes en un almac\u00e9n. Carga y descarga env\u00edos, organiza y apila art\u00edculos, y colabora en el empaquetado y etiquetado de productos. Tambi\u00e9n puede operar maquinaria como montacargas o transpaletas para mover materiales pesados.<\/p>\r\n<p>Las tareas adicionales incluyen llevar un control del inventario, mantener el \u00e1rea de trabajo limpia y cumplir con las normas de seguridad. El trabajo a menudo requiere fuerza f\u00edsica y la capacidad de permanecer de pie durante per\u00edodos prolongados.<\/p>"},{"title":"\u00bfCu\u00e1les son los beneficios de los trabajos temporales de trabajo general industrial?","content":"<p>Los trabajos temporales de obrero general industrial ofrecen varias ventajas para quienes buscan flexibilidad y la oportunidad de adquirir experiencia. Estos puestos suelen brindar la oportunidad de trabajar en entornos din\u00e1micos, lo que te permite aprender sobre distintos aspectos de las operaciones de almac\u00e9n. Ya sea que realices tareas de picking, packing o ambas, obtendr\u00e1s conocimientos sobre la log\u00edstica de la gesti\u00f3n de inventario y la preparaci\u00f3n de pedidos.<\/p>\r\n<p>Aprovecha la oportunidad con los trabajos temporales de obrero general industrial, que ofrecen un salario competitivo y una v\u00eda hacia un empleo a largo plazo. Desarrolla habilidades transferibles que son valiosas en diversas industrias. Al unirte a la fuerza laboral de picking y packing, ver\u00e1s de primera mano c\u00f3mo tus contribuciones mantienen la cadena de suministro funcionando sin problemas.<br \/>\r\n\u00a0<br \/>\r\n\u00a0<br \/>\r\n\u00a0<\/p>"},{"title":"\u00bfC\u00f3mo encontrar trabajos flexibles de obrero general industrial?","content":"<p>Para comenzar, descarga la app de Indeed Flex. Reg\u00edstrate en Indeed Flex y empieza hoy tu b\u00fasqueda de trabajos de obrero general industrial. \u00danete a los miles de trabajadores que han encontrado empleo flexible y temporal a trav\u00e9s de nuestra app f\u00e1cil de usar.<\/p>"}]}]},{"acf_fc_layout":"become_a_flexer","override_global_settings":true,"flexer_title":"\u00bfListo para convertirte en Flexer?","flexer_subtitle":"","flexer_cta":{"type":"url","value":"https:\/\/indeedflex.com\/es\/descarga-app\/","title":"Descargar app","target":false}}]},"yoast_head":"<!-- This site is optimized with the Yoast SEO plugin v27.3 - https:\/\/yoast.com\/product\/yoast-seo-wordpress\/ -->\n<title>Obrero general industrial | Contratando Ahora | Indeed Flex US<\/title>\n<meta name=\"description\" content=\"Encuentra trabajos de obrero general industrial que se adapten a tu horario. Disfruta de beneficios competitivos y pago el mismo d\u00eda. \u00a1Descarga la app para postularte!\" \/>\n<meta name=\"robots\" content=\"index, follow, max-snippet:-1, max-image-preview:large, max-video-preview:-1\" \/>\n<link rel=\"canonical\" href=\"https:\/\/indeedflex.com\/es\/lp-obrero-general-industrial\/\" \/>\n<meta property=\"og:locale\" content=\"es_ES\" \/>\n<meta property=\"og:type\" content=\"article\" \/>\n<meta property=\"og:title\" content=\"Obrero general industrial | Contratando Ahora | Indeed Flex US\" \/>\n<meta property=\"og:description\" content=\"Encuentra trabajos de obrero general industrial que se adapten a tu horario. Disfruta de beneficios competitivos y pago el mismo d\u00eda. \u00a1Descarga la app para postularte!\" \/>\n<meta property=\"og:url\" content=\"https:\/\/indeedflex.com\/es\/lp-obrero-general-industrial\/\" \/>\n<meta property=\"og:site_name\" content=\"Indeed Flex US\" \/>\n<meta property=\"article:modified_time\" content=\"2026-02-12T16:10:40+00:00\" \/>\n<meta property=\"og:image\" content=\"https:\/\/indeedflex.com\/wp-content\/uploads\/sites\/5\/2024\/09\/Warehouse-smiling-Industrial-Indeed-Flex.jpg\" \/>\n\t<meta property=\"og:image:width\" content=\"2120\" \/>\n\t<meta property=\"og:image:height\" content=\"1414\" \/>\n\t<meta property=\"og:image:type\" content=\"image\/jpeg\" \/>\n<meta name=\"twitter:card\" content=\"summary_large_image\" \/>\n<meta name=\"twitter:label1\" content=\"Tiempo de lectura\" \/>\n\t<meta name=\"twitter:data1\" content=\"3 minutos\" \/>\n<script type=\"application\/ld+json\" class=\"yoast-schema-graph\">{\"@context\":\"https:\\\/\\\/schema.org\",\"@graph\":[{\"@type\":\"WebPage\",\"@id\":\"https:\\\/\\\/indeedflex.com\\\/es\\\/lp-obrero-general-industrial\\\/\",\"url\":\"https:\\\/\\\/indeedflex.com\\\/es\\\/lp-obrero-general-industrial\\\/\",\"name\":\"Obrero general industrial | Contratando Ahora | Indeed Flex US\",\"isPartOf\":{\"@id\":\"https:\\\/\\\/indeedflex.com\\\/es\\\/#website\"},\"primaryImageOfPage\":{\"@id\":\"https:\\\/\\\/indeedflex.com\\\/es\\\/lp-obrero-general-industrial\\\/#primaryimage\"},\"image\":{\"@id\":\"https:\\\/\\\/indeedflex.com\\\/es\\\/lp-obrero-general-industrial\\\/#primaryimage\"},\"thumbnailUrl\":\"https:\\\/\\\/indeedflex.com\\\/wp-content\\\/uploads\\\/sites\\\/5\\\/2024\\\/09\\\/Warehouse-smiling-Industrial-Indeed-Flex.jpg\",\"datePublished\":\"2025-12-09T19:46:22+00:00\",\"dateModified\":\"2026-02-12T16:10:40+00:00\",\"description\":\"Encuentra trabajos de obrero general industrial que se adapten a tu horario. Disfruta de beneficios competitivos y pago el mismo d\u00eda. \u00a1Descarga la app para postularte!\",\"breadcrumb\":{\"@id\":\"https:\\\/\\\/indeedflex.com\\\/es\\\/lp-obrero-general-industrial\\\/#breadcrumb\"},\"inLanguage\":\"es\",\"potentialAction\":[{\"@type\":\"ReadAction\",\"target\":[\"https:\\\/\\\/indeedflex.com\\\/es\\\/lp-obrero-general-industrial\\\/\"]}]},{\"@type\":\"ImageObject\",\"inLanguage\":\"es\",\"@id\":\"https:\\\/\\\/indeedflex.com\\\/es\\\/lp-obrero-general-industrial\\\/#primaryimage\",\"url\":\"https:\\\/\\\/indeedflex.com\\\/wp-content\\\/uploads\\\/sites\\\/5\\\/2024\\\/09\\\/Warehouse-smiling-Industrial-Indeed-Flex.jpg\",\"contentUrl\":\"https:\\\/\\\/indeedflex.com\\\/wp-content\\\/uploads\\\/sites\\\/5\\\/2024\\\/09\\\/Warehouse-smiling-Industrial-Indeed-Flex.jpg\",\"width\":2120,\"height\":1414,\"caption\":\"Portrait of an African American worker from the warehouse checking the boxes on the shelves.\"},{\"@type\":\"BreadcrumbList\",\"@id\":\"https:\\\/\\\/indeedflex.com\\\/es\\\/lp-obrero-general-industrial\\\/#breadcrumb\",\"itemListElement\":[{\"@type\":\"ListItem\",\"position\":1,\"name\":\"Home\",\"item\":\"https:\\\/\\\/indeedflex.com\\\/es\\\/job-seekers\\\/\"},{\"@type\":\"ListItem\",\"position\":2,\"name\":\"W2A &#8211; Industrial General Labor &#8211; Spanish\"}]},{\"@type\":\"WebSite\",\"@id\":\"https:\\\/\\\/indeedflex.com\\\/es\\\/#website\",\"url\":\"https:\\\/\\\/indeedflex.com\\\/es\\\/\",\"name\":\"Indeed Flex US\",\"description\":\"Instant access to thousands of jobs and workers\",\"alternateName\":\"Your life. Your work. Your choice.\",\"potentialAction\":[{\"@type\":\"SearchAction\",\"target\":{\"@type\":\"EntryPoint\",\"urlTemplate\":\"https:\\\/\\\/indeedflex.com\\\/es\\\/?s={search_term_string}\"},\"query-input\":{\"@type\":\"PropertyValueSpecification\",\"valueRequired\":true,\"valueName\":\"search_term_string\"}}],\"inLanguage\":\"es\"}]}<\/script>\n<!-- \/ Yoast SEO plugin. -->","yoast_head_json":{"title":"Obrero general industrial | Contratando Ahora | Indeed Flex US","description":"Encuentra trabajos de obrero general industrial que se adapten a tu horario. Disfruta de beneficios competitivos y pago el mismo d\u00eda. \u00a1Descarga la app para postularte!","robots":{"index":"index","follow":"follow","max-snippet":"max-snippet:-1","max-image-preview":"max-image-preview:large","max-video-preview":"max-video-preview:-1"},"canonical":"https:\/\/indeedflex.com\/es\/lp-obrero-general-industrial\/","og_locale":"es_ES","og_type":"article","og_title":"Obrero general industrial | Contratando Ahora | Indeed Flex US","og_description":"Encuentra trabajos de obrero general industrial que se adapten a tu horario. Disfruta de beneficios competitivos y pago el mismo d\u00eda. \u00a1Descarga la app para postularte!","og_url":"https:\/\/indeedflex.com\/es\/lp-obrero-general-industrial\/","og_site_name":"Indeed Flex US","article_modified_time":"2026-02-12T16:10:40+00:00","og_image":[{"width":2120,"height":1414,"url":"https:\/\/indeedflex.com\/wp-content\/uploads\/sites\/5\/2024\/09\/Warehouse-smiling-Industrial-Indeed-Flex.jpg","type":"image\/jpeg"}],"twitter_card":"summary_large_image","twitter_misc":{"Tiempo de lectura":"3 minutos"},"schema":{"@context":"https:\/\/schema.org","@graph":[{"@type":"WebPage","@id":"https:\/\/indeedflex.com\/es\/lp-obrero-general-industrial\/","url":"https:\/\/indeedflex.com\/es\/lp-obrero-general-industrial\/","name":"Obrero general industrial | Contratando Ahora | Indeed Flex US","isPartOf":{"@id":"https:\/\/indeedflex.com\/es\/#website"},"primaryImageOfPage":{"@id":"https:\/\/indeedflex.com\/es\/lp-obrero-general-industrial\/#primaryimage"},"image":{"@id":"https:\/\/indeedflex.com\/es\/lp-obrero-general-industrial\/#primaryimage"},"thumbnailUrl":"https:\/\/indeedflex.com\/wp-content\/uploads\/sites\/5\/2024\/09\/Warehouse-smiling-Industrial-Indeed-Flex.jpg","datePublished":"2025-12-09T19:46:22+00:00","dateModified":"2026-02-12T16:10:40+00:00","description":"Encuentra trabajos de obrero general industrial que se adapten a tu horario. Disfruta de beneficios competitivos y pago el mismo d\u00eda. \u00a1Descarga la app para postularte!","breadcrumb":{"@id":"https:\/\/indeedflex.com\/es\/lp-obrero-general-industrial\/#breadcrumb"},"inLanguage":"es","potentialAction":[{"@type":"ReadAction","target":["https:\/\/indeedflex.com\/es\/lp-obrero-general-industrial\/"]}]},{"@type":"ImageObject","inLanguage":"es","@id":"https:\/\/indeedflex.com\/es\/lp-obrero-general-industrial\/#primaryimage","url":"https:\/\/indeedflex.com\/wp-content\/uploads\/sites\/5\/2024\/09\/Warehouse-smiling-Industrial-Indeed-Flex.jpg","contentUrl":"https:\/\/indeedflex.com\/wp-content\/uploads\/sites\/5\/2024\/09\/Warehouse-smiling-Industrial-Indeed-Flex.jpg","width":2120,"height":1414,"caption":"Portrait of an African American worker from the warehouse checking the boxes on the shelves."},{"@type":"BreadcrumbList","@id":"https:\/\/indeedflex.com\/es\/lp-obrero-general-industrial\/#breadcrumb","itemListElement":[{"@type":"ListItem","position":1,"name":"Home","item":"https:\/\/indeedflex.com\/es\/job-seekers\/"},{"@type":"ListItem","position":2,"name":"W2A &#8211; Industrial General Labor &#8211; Spanish"}]},{"@type":"WebSite","@id":"https:\/\/indeedflex.com\/es\/#website","url":"https:\/\/indeedflex.com\/es\/","name":"Indeed Flex US","description":"Instant access to thousands of jobs and workers","alternateName":"Your life. Your work. Your choice.","potentialAction":[{"@type":"SearchAction","target":{"@type":"EntryPoint","urlTemplate":"https:\/\/indeedflex.com\/es\/?s={search_term_string}"},"query-input":{"@type":"PropertyValueSpecification","valueRequired":true,"valueName":"search_term_string"}}],"inLanguage":"es"}]}},"_links":{"self":[{"href":"https:\/\/indeedflex.com\/es\/wp-json\/wp\/v2\/pages\/25757","targetHints":{"allow":["GET"]}}],"collection":[{"href":"https:\/\/indeedflex.com\/es\/wp-json\/wp\/v2\/pages"}],"about":[{"href":"https:\/\/indeedflex.com\/es\/wp-json\/wp\/v2\/types\/page"}],"author":[{"embeddable":true,"href":"https:\/\/indeedflex.com\/es\/wp-json\/wp\/v2\/users\/69"}],"replies":[{"embeddable":true,"href":"https:\/\/indeedflex.com\/es\/wp-json\/wp\/v2\/comments?post=25757"}],"version-history":[{"count":1,"href":"https:\/\/indeedflex.com\/es\/wp-json\/wp\/v2\/pages\/25757\/revisions"}],"predecessor-version":[{"id":26808,"href":"https:\/\/indeedflex.com\/es\/wp-json\/wp\/v2\/pages\/25757\/revisions\/26808"}],"wp:featuredmedia":[{"embeddable":true,"href":"https:\/\/indeedflex.com\/es\/wp-json\/wp\/v2\/media\/12463"}],"wp:attachment":[{"href":"https:\/\/indeedflex.com\/es\/wp-json\/wp\/v2\/media?parent=25757"}],"curies":[{"name":"wp","href":"https:\/\/api.w.org\/{rel}","templated":true}]}}