{"id":25750,"date":"2024-09-13T00:02:47","date_gmt":"2024-09-12T23:02:47","guid":{"rendered":"https:\/\/indeedflex.com\/?page_id=25750"},"modified":"2026-02-12T16:12:38","modified_gmt":"2026-02-12T16:12:38","slug":"lp-operario-de-almacen","status":"publish","type":"page","link":"https:\/\/indeedflex.com\/es\/lp-operario-de-almacen\/","title":{"rendered":"W2A &#8211; Warehouse Operative &#8211; Spanish"},"content":{"rendered":"","protected":false},"excerpt":{"rendered":"","protected":false},"author":69,"featured_media":8046,"parent":0,"menu_order":69,"comment_status":"closed","ping_status":"closed","template":"tpl\/tpl-no-header-footer.php","meta":{"_acf_changed":false,"content-type":"","footnotes":""},"class_list":["post-25750","page","type-page","status-publish","has-post-thumbnail","hentry"],"acf":{"blocks":[{"acf_fc_layout":"highlight_points_text","ukus_icons":false,"jobseekeremployer_icons":false,"highlights_employer_uk":null,"highlights_employer_us":null,"highlights_jobseeker_uk":null,"highlights_jobseeker_us":[{"icon":"Flexibility.svg","highlight_text":"Elige cu\u00e1ndo y d\u00f3nde trabajas","subheading":""},{"icon":"control-choice.svg","highlight_text":"Desarrolla tus habilidades","subheading":""},{"icon":"SameDayPay.svg","highlight_text":"Elige cu\u00e1ndo quieres que te paguen","subheading":""},{"icon":"Benefits.svg","highlight_text":"Gana beneficios y bonificaciones","subheading":""}],"text":"<h3>Beneficios para Flexers<\/h3>\r\n<p>Como Flexer, tienes acceso directo a las mejores oportunidades de trabajo en tu \u00e1rea que se adaptan a tu horario. Desarrolla tu carrera para obtener beneficios, oportunidades de participar en sorteos y bonos adicionales. Adem\u00e1s, con el Pago el Mismo D\u00eda, puedes acceder a tus ganancias cuando lo necesites, perfecto para emergencias inesperadas o sorpresas espont\u00e1neas.<\/p>\r\n<p><a class=\"button\" href=\"https:\/\/indeedflex.com\/es\/descarga-app\/\">Descargar app<\/a><\/p>","text_left_or_right":false},{"acf_fc_layout":"animated_steps","override_title":"Comenzar es f\u00e1cil","override_text":"Sigue estos pasos para postularte a trabajos flexibles cerca de ti.","override_cta":{"type":"url","value":"https:\/\/indeedflex.com\/es\/descarga-app\/","title":"Descargar app","target":false}},{"acf_fc_layout":"faqs","title":"Preguntas frecuentes sobre Operario de Almac\u00e9n","subtitle":"","cta":"","faqs":[{"category":"Trabajos de almac\u00e9n","accordion":[{"title":"\u00bfQu\u00e9 hace un operario de almac\u00e9n?","content":"<p>El operario de almac\u00e9n realiza una variedad de tareas cruciales para el funcionamiento efectivo de un almac\u00e9n. Este trabajo implica recibir, mover y almacenar productos, cumpliendo con los est\u00e1ndares de seguridad y protecci\u00f3n establecidos por la empresa.<\/p>\r\n<p>En su labor, a menudo manejan paquetes y gestionan el inventario, lo que puede incluir seleccionar y preparar pedidos del stock, empaquetarlos y dejarlos listos para el env\u00edo. Sus responsabilidades tambi\u00e9n incluyen mantener un espacio de trabajo limpio y seguro.<\/p>\r\n<p>La naturaleza del trabajo de un operario de almac\u00e9n es din\u00e1mica, por lo que se requiere que los trabajadores sean en\u00e9rgicos y adaptables. Tambi\u00e9n necesitan poder trabajar con un equipo diverso de colegas de distintos antecedentes.<\/p>"},{"title":"\u00bfC\u00f3mo puedo encontrar trabajo como operario de almac\u00e9n?","content":"<p>Colocamos a operarios de almac\u00e9n en algunas de las mejores empresas. Esto significa que tendr\u00e1s la oportunidad de trabajar con marcas reconocidas y con las \u00faltimas tecnolog\u00edas de almac\u00e9n. Con nuestra app f\u00e1cil de usar, puedes encontrar y postularte r\u00e1pidamente a trabajos que se ajusten a tu horario y preferencias, d\u00e1ndote la libertad de trabajar cuando m\u00e1s te convenga.<\/p>\r\n<p>Comienza hoy tu b\u00fasqueda de trabajos temporales de almac\u00e9n y descubre la comodidad de trabajar con Indeed Flex. Estamos seguros de que tenemos el trabajo perfecto para ti. \u00a1Reg\u00edstrate hoy y comencemos!<\/p>"},{"title":"\u00bfCu\u00e1les son los beneficios de los trabajos temporales como operario de almac\u00e9n?","content":"<p>Los trabajos temporales de almac\u00e9n ofrecen varias ventajas para quienes buscan flexibilidad y la oportunidad de adquirir experiencia. Estos puestos a menudo brindan la oportunidad de trabajar en entornos din\u00e1micos, lo que te permite aprender sobre distintos aspectos de las operaciones de almac\u00e9n.<\/p>\r\n<p>Los trabajos temporales de almac\u00e9n suelen ofrecer un salario competitivo y pueden ser una v\u00eda hacia un empleo a largo plazo. Estas posiciones te permiten desarrollar habilidades transferibles que pueden ser valiosas en diversas industrias. Formar parte de esta fuerza laboral te permite ver de primera mano c\u00f3mo tus contribuciones ayudan a que la cadena de suministro funcione sin problemas.<\/p>"}]}]},{"acf_fc_layout":"become_a_flexer","override_global_settings":true,"flexer_title":"\u00bfListo para convertirte en Flexer?","flexer_subtitle":"","flexer_cta":{"type":"url","value":"https:\/\/indeedflex.com\/es\/descarga-app\/","title":"Descargar app","target":false}}]},"yoast_head":"<!-- This site is optimized with the Yoast SEO plugin v27.3 - https:\/\/yoast.com\/product\/yoast-seo-wordpress\/ -->\n<title>Trabajos de Operario de Almac\u00e9n | Contratando Ahora | Indeed Flex US<\/title>\n<meta name=\"description\" content=\"Encuentra trabajos de operario de almac\u00e9n que se adapten a tu horario. Disfruta de beneficios competitivos y pago el mismo d\u00eda. \u00a1Descarga la app para postularte!\" \/>\n<meta name=\"robots\" content=\"noindex, nofollow\" \/>\n<meta property=\"og:locale\" content=\"es_ES\" \/>\n<meta property=\"og:type\" content=\"article\" \/>\n<meta property=\"og:title\" content=\"Trabajos de Operario de Almac\u00e9n | Contratando Ahora | Indeed Flex US\" \/>\n<meta property=\"og:description\" content=\"Encuentra trabajos de operario de almac\u00e9n que se adapten a tu horario. Disfruta de beneficios competitivos y pago el mismo d\u00eda. \u00a1Descarga la app para postularte!\" \/>\n<meta property=\"og:url\" content=\"https:\/\/indeedflex.com\/es\/lp-operario-de-almacen\/\" \/>\n<meta property=\"og:site_name\" content=\"Indeed Flex US\" \/>\n<meta property=\"article:modified_time\" content=\"2026-02-12T16:12:38+00:00\" \/>\n<meta property=\"og:image\" content=\"https:\/\/indeedflex.com\/wp-content\/uploads\/sites\/5\/2024\/02\/iStock-1460822484-3.jpg\" \/>\n\t<meta property=\"og:image:width\" content=\"2119\" \/>\n\t<meta property=\"og:image:height\" content=\"1414\" \/>\n\t<meta property=\"og:image:type\" content=\"image\/jpeg\" \/>\n<meta name=\"twitter:card\" content=\"summary_large_image\" \/>\n<meta name=\"twitter:label1\" content=\"Tiempo de lectura\" \/>\n\t<meta name=\"twitter:data1\" content=\"3 minutos\" \/>\n<script type=\"application\/ld+json\" class=\"yoast-schema-graph\">{\"@context\":\"https:\\\/\\\/schema.org\",\"@graph\":[{\"@type\":\"WebPage\",\"@id\":\"https:\\\/\\\/indeedflex.com\\\/es\\\/lp-operario-de-almacen\\\/\",\"url\":\"https:\\\/\\\/indeedflex.com\\\/es\\\/lp-operario-de-almacen\\\/\",\"name\":\"Trabajos de Operario de Almac\u00e9n | Contratando Ahora | Indeed Flex US\",\"isPartOf\":{\"@id\":\"https:\\\/\\\/indeedflex.com\\\/es\\\/#website\"},\"primaryImageOfPage\":{\"@id\":\"https:\\\/\\\/indeedflex.com\\\/es\\\/lp-operario-de-almacen\\\/#primaryimage\"},\"image\":{\"@id\":\"https:\\\/\\\/indeedflex.com\\\/es\\\/lp-operario-de-almacen\\\/#primaryimage\"},\"thumbnailUrl\":\"https:\\\/\\\/indeedflex.com\\\/wp-content\\\/uploads\\\/sites\\\/5\\\/2024\\\/02\\\/iStock-1460822484-3.jpg\",\"datePublished\":\"2024-09-12T23:02:47+00:00\",\"dateModified\":\"2026-02-12T16:12:38+00:00\",\"description\":\"Encuentra trabajos de operario de almac\u00e9n que se adapten a tu horario. Disfruta de beneficios competitivos y pago el mismo d\u00eda. \u00a1Descarga la app para postularte!\",\"breadcrumb\":{\"@id\":\"https:\\\/\\\/indeedflex.com\\\/es\\\/lp-operario-de-almacen\\\/#breadcrumb\"},\"inLanguage\":\"es\",\"potentialAction\":[{\"@type\":\"ReadAction\",\"target\":[\"https:\\\/\\\/indeedflex.com\\\/es\\\/lp-operario-de-almacen\\\/\"]}]},{\"@type\":\"ImageObject\",\"inLanguage\":\"es\",\"@id\":\"https:\\\/\\\/indeedflex.com\\\/es\\\/lp-operario-de-almacen\\\/#primaryimage\",\"url\":\"https:\\\/\\\/indeedflex.com\\\/wp-content\\\/uploads\\\/sites\\\/5\\\/2024\\\/02\\\/iStock-1460822484-3.jpg\",\"contentUrl\":\"https:\\\/\\\/indeedflex.com\\\/wp-content\\\/uploads\\\/sites\\\/5\\\/2024\\\/02\\\/iStock-1460822484-3.jpg\",\"width\":2119,\"height\":1414,\"caption\":\"Warehouse Operative\"},{\"@type\":\"BreadcrumbList\",\"@id\":\"https:\\\/\\\/indeedflex.com\\\/es\\\/lp-operario-de-almacen\\\/#breadcrumb\",\"itemListElement\":[{\"@type\":\"ListItem\",\"position\":1,\"name\":\"Home\",\"item\":\"https:\\\/\\\/indeedflex.com\\\/es\\\/job-seekers\\\/\"},{\"@type\":\"ListItem\",\"position\":2,\"name\":\"W2A &#8211; Warehouse Operative &#8211; Spanish\"}]},{\"@type\":\"WebSite\",\"@id\":\"https:\\\/\\\/indeedflex.com\\\/es\\\/#website\",\"url\":\"https:\\\/\\\/indeedflex.com\\\/es\\\/\",\"name\":\"Indeed Flex US\",\"description\":\"Instant access to thousands of jobs and workers\",\"alternateName\":\"Your life. Your work. Your choice.\",\"potentialAction\":[{\"@type\":\"SearchAction\",\"target\":{\"@type\":\"EntryPoint\",\"urlTemplate\":\"https:\\\/\\\/indeedflex.com\\\/es\\\/?s={search_term_string}\"},\"query-input\":{\"@type\":\"PropertyValueSpecification\",\"valueRequired\":true,\"valueName\":\"search_term_string\"}}],\"inLanguage\":\"es\"}]}<\/script>\n<!-- \/ Yoast SEO plugin. -->","yoast_head_json":{"title":"Trabajos de Operario de Almac\u00e9n | Contratando Ahora | Indeed Flex US","description":"Encuentra trabajos de operario de almac\u00e9n que se adapten a tu horario. Disfruta de beneficios competitivos y pago el mismo d\u00eda. \u00a1Descarga la app para postularte!","robots":{"index":"noindex","follow":"nofollow"},"og_locale":"es_ES","og_type":"article","og_title":"Trabajos de Operario de Almac\u00e9n | Contratando Ahora | Indeed Flex US","og_description":"Encuentra trabajos de operario de almac\u00e9n que se adapten a tu horario. Disfruta de beneficios competitivos y pago el mismo d\u00eda. \u00a1Descarga la app para postularte!","og_url":"https:\/\/indeedflex.com\/es\/lp-operario-de-almacen\/","og_site_name":"Indeed Flex US","article_modified_time":"2026-02-12T16:12:38+00:00","og_image":[{"width":2119,"height":1414,"url":"https:\/\/indeedflex.com\/wp-content\/uploads\/sites\/5\/2024\/02\/iStock-1460822484-3.jpg","type":"image\/jpeg"}],"twitter_card":"summary_large_image","twitter_misc":{"Tiempo de lectura":"3 minutos"},"schema":{"@context":"https:\/\/schema.org","@graph":[{"@type":"WebPage","@id":"https:\/\/indeedflex.com\/es\/lp-operario-de-almacen\/","url":"https:\/\/indeedflex.com\/es\/lp-operario-de-almacen\/","name":"Trabajos de Operario de Almac\u00e9n | Contratando Ahora | Indeed Flex US","isPartOf":{"@id":"https:\/\/indeedflex.com\/es\/#website"},"primaryImageOfPage":{"@id":"https:\/\/indeedflex.com\/es\/lp-operario-de-almacen\/#primaryimage"},"image":{"@id":"https:\/\/indeedflex.com\/es\/lp-operario-de-almacen\/#primaryimage"},"thumbnailUrl":"https:\/\/indeedflex.com\/wp-content\/uploads\/sites\/5\/2024\/02\/iStock-1460822484-3.jpg","datePublished":"2024-09-12T23:02:47+00:00","dateModified":"2026-02-12T16:12:38+00:00","description":"Encuentra trabajos de operario de almac\u00e9n que se adapten a tu horario. Disfruta de beneficios competitivos y pago el mismo d\u00eda. \u00a1Descarga la app para postularte!","breadcrumb":{"@id":"https:\/\/indeedflex.com\/es\/lp-operario-de-almacen\/#breadcrumb"},"inLanguage":"es","potentialAction":[{"@type":"ReadAction","target":["https:\/\/indeedflex.com\/es\/lp-operario-de-almacen\/"]}]},{"@type":"ImageObject","inLanguage":"es","@id":"https:\/\/indeedflex.com\/es\/lp-operario-de-almacen\/#primaryimage","url":"https:\/\/indeedflex.com\/wp-content\/uploads\/sites\/5\/2024\/02\/iStock-1460822484-3.jpg","contentUrl":"https:\/\/indeedflex.com\/wp-content\/uploads\/sites\/5\/2024\/02\/iStock-1460822484-3.jpg","width":2119,"height":1414,"caption":"Warehouse Operative"},{"@type":"BreadcrumbList","@id":"https:\/\/indeedflex.com\/es\/lp-operario-de-almacen\/#breadcrumb","itemListElement":[{"@type":"ListItem","position":1,"name":"Home","item":"https:\/\/indeedflex.com\/es\/job-seekers\/"},{"@type":"ListItem","position":2,"name":"W2A &#8211; Warehouse Operative &#8211; Spanish"}]},{"@type":"WebSite","@id":"https:\/\/indeedflex.com\/es\/#website","url":"https:\/\/indeedflex.com\/es\/","name":"Indeed Flex US","description":"Instant access to thousands of jobs and workers","alternateName":"Your life. Your work. Your choice.","potentialAction":[{"@type":"SearchAction","target":{"@type":"EntryPoint","urlTemplate":"https:\/\/indeedflex.com\/es\/?s={search_term_string}"},"query-input":{"@type":"PropertyValueSpecification","valueRequired":true,"valueName":"search_term_string"}}],"inLanguage":"es"}]}},"_links":{"self":[{"href":"https:\/\/indeedflex.com\/es\/wp-json\/wp\/v2\/pages\/25750","targetHints":{"allow":["GET"]}}],"collection":[{"href":"https:\/\/indeedflex.com\/es\/wp-json\/wp\/v2\/pages"}],"about":[{"href":"https:\/\/indeedflex.com\/es\/wp-json\/wp\/v2\/types\/page"}],"author":[{"embeddable":true,"href":"https:\/\/indeedflex.com\/es\/wp-json\/wp\/v2\/users\/69"}],"replies":[{"embeddable":true,"href":"https:\/\/indeedflex.com\/es\/wp-json\/wp\/v2\/comments?post=25750"}],"version-history":[{"count":1,"href":"https:\/\/indeedflex.com\/es\/wp-json\/wp\/v2\/pages\/25750\/revisions"}],"predecessor-version":[{"id":26809,"href":"https:\/\/indeedflex.com\/es\/wp-json\/wp\/v2\/pages\/25750\/revisions\/26809"}],"wp:featuredmedia":[{"embeddable":true,"href":"https:\/\/indeedflex.com\/es\/wp-json\/wp\/v2\/media\/8046"}],"wp:attachment":[{"href":"https:\/\/indeedflex.com\/es\/wp-json\/wp\/v2\/media?parent=25750"}],"curies":[{"name":"wp","href":"https:\/\/api.w.org\/{rel}","templated":true}]}}